{"id":4299,"date":"2023-10-04T06:24:06","date_gmt":"2023-10-04T06:24:06","guid":{"rendered":"https:\/\/wp1.themevibrant.com\/newwp\/craftmax\/?page_id=67"},"modified":"2025-02-20T08:13:04","modified_gmt":"2025-02-20T08:13:04","slug":"kontakt","status":"publish","type":"page","link":"https:\/\/lesoblisk.si\/index.php\/kontakt\/","title":{"rendered":"Kontakt"},"content":{"rendered":"\t\t<div data-elementor-type=\"wp-page\" data-elementor-id=\"4299\" class=\"elementor elementor-4299\">\n\t\t\t\t<div class=\"elementor-element elementor-element-9aafee6 e-flex e-con-boxed e-con e-parent\" data-id=\"9aafee6\" data-element_type=\"container\" data-e-type=\"container\">\n\t\t\t\t\t<div class=\"e-con-inner\">\n\t\t\t\t<div class=\"elementor-element elementor-element-036ae8c elementor-widget elementor-widget-spacer\" data-id=\"036ae8c\" data-element_type=\"widget\" data-e-type=\"widget\" data-widget_type=\"spacer.default\">\n\t\t\t\t<div class=\"elementor-widget-container\">\n\t\t\t\t\t\t\t<div class=\"elementor-spacer\">\n\t\t\t<div class=\"elementor-spacer-inner\"><\/div>\n\t\t<\/div>\n\t\t\t\t\t\t<\/div>\n\t\t\t\t<\/div>\n\t\t\t\t\t<\/div>\n\t\t\t\t<\/div>\n\t\t<div class=\"elementor-element elementor-element-7d8c5be e-grid e-con-boxed e-con e-parent\" data-id=\"7d8c5be\" data-element_type=\"container\" data-e-type=\"container\">\n\t\t\t\t\t<div class=\"e-con-inner\">\n\t\t<div class=\"elementor-element elementor-element-93e9415 e-con-full e-flex e-con e-child\" data-id=\"93e9415\" data-element_type=\"container\" data-e-type=\"container\">\n\t\t\t\t<div class=\"elementor-element elementor-element-cfce06d elementor-widget elementor-widget-craftmax_hero_title\" data-id=\"cfce06d\" data-element_type=\"widget\" data-e-type=\"widget\" data-widget_type=\"craftmax_hero_title.default\">\n\t\t\t\t<div class=\"elementor-widget-container\">\n\t\t\t\t\t    \n        \n    <div class=\"sec-title craftmax-title-wrap\">\n        \t\t<h1 class=\"sub-title te-bn-subtitle\">Direktor in komerciala:<\/h1>                \t\t<h2 class=\"te-bn-title craftmax-size-default\">\t\nBo\u0161tjan Tancer<\/h2>        \t\t        <div class=\"te-bn-text\">\n            <p><h3><span data-olk-copy-source=\"MessageBody\"><strong>M:<\/strong> +386 41 371 711<\/span><br \/><strong>E:<\/strong> bostjan.tancer@lesoblisk.si<\/h3><\/p>\n        <\/div>\n            <\/div>\n        \n        \t\t\t\t<\/div>\n\t\t\t\t<\/div>\n\t\t\t\t<\/div>\n\t\t<div class=\"elementor-element elementor-element-75bbce9 e-con-full e-flex e-con e-child\" data-id=\"75bbce9\" data-element_type=\"container\" data-e-type=\"container\">\n\t\t\t\t<div class=\"elementor-element elementor-element-c2264de elementor-widget elementor-widget-craftmax_hero_title\" data-id=\"c2264de\" data-element_type=\"widget\" data-e-type=\"widget\" data-widget_type=\"craftmax_hero_title.default\">\n\t\t\t\t<div class=\"elementor-widget-container\">\n\t\t\t\t\t    \n        \n    <div class=\"sec-title craftmax-title-wrap\">\n        \t\t<span class=\"sub-title te-bn-subtitle\">Nabava in tehni\u010dna vpra\u0161anja:<\/span>                \t\t<h2 class=\"te-bn-title craftmax-size-default\">\nJaka Bani\u010d<\/h2>        \t\t        <div class=\"te-bn-text\">\n            <p><h3><span data-olk-copy-source=\"MessageBody\"><strong>M:<\/strong> +386 31 441 448<\/span><br \/><strong>E: <\/strong><span lang=\"en-US\">jaka.banic@lesoblisk.si<\/span><\/h3><\/p>\n        <\/div>\n            <\/div>\n        \n        \t\t\t\t<\/div>\n\t\t\t\t<\/div>\n\t\t\t\t<\/div>\n\t\t\t\t\t<\/div>\n\t\t\t\t<\/div>\n\t\t<div class=\"elementor-element elementor-element-f09c3f7 e-flex e-con-boxed e-con e-parent\" data-id=\"f09c3f7\" data-element_type=\"container\" data-e-type=\"container\" data-settings=\"{&quot;background_background&quot;:&quot;classic&quot;}\">\n\t\t\t\t\t<div class=\"e-con-inner\">\n\t\t<div class=\"elementor-element elementor-element-7359673 e-con-full e-flex e-con e-child\" data-id=\"7359673\" data-element_type=\"container\" data-e-type=\"container\">\n\t\t\t\t<div class=\"elementor-element elementor-element-ef61514 elementor-widget elementor-widget-craftmax_hero_title\" data-id=\"ef61514\" data-element_type=\"widget\" data-e-type=\"widget\" data-widget_type=\"craftmax_hero_title.default\">\n\t\t\t\t<div class=\"elementor-widget-container\">\n\t\t\t\t\t    \n        \n    <div class=\"sec-title craftmax-title-wrap\">\n        \t\t<span class=\"sub-title te-bn-subtitle\">Stopite v stik z nami<\/span>                \t\t<h2 class=\"te-bn-title craftmax-size-default\">Po\u0161ljite nam sporo\u010dilo<\/h2>        \t\t        <div class=\"te-bn-text\">\n            <p><\/p>\n        <\/div>\n            <\/div>\n        \n        \t\t\t\t<\/div>\n\t\t\t\t<\/div>\n\t\t\t\t<div class=\"elementor-element elementor-element-b12fcfa elementor-widget elementor-widget-shortcode\" data-id=\"b12fcfa\" data-element_type=\"widget\" data-e-type=\"widget\" data-widget_type=\"shortcode.default\">\n\t\t\t\t<div class=\"elementor-widget-container\">\n\t\t\t\t\t\t\t<div class=\"elementor-shortcode\"><div class=\"forminator-ui forminator-custom-form forminator-custom-form-4656 forminator-design--default  forminator_ajax\" data-forminator-render=\"0\" data-form=\"forminator-module-4656\" data-uid=\"69efabb71f58e\"><br\/><\/div><form\n\t\t\t\tid=\"forminator-module-4656\"\n\t\t\t\tclass=\"forminator-ui forminator-custom-form forminator-custom-form-4656 forminator-design--default  forminator_ajax\"\n\t\t\t\tmethod=\"post\"\n\t\t\t\tdata-forminator-render=\"0\"\n\t\t\t\tdata-form-id=\"4656\"\n\t\t\t\t data-color-option=\"theme\" data-design=\"default\" data-grid=\"open\" style=\"display: none;\"\n\t\t\t\tdata-uid=\"69efabb71f58e\"\n\t\t\t><div role=\"alert\" aria-live=\"polite\" class=\"forminator-response-message forminator-error\" aria-hidden=\"true\"><\/div><div class=\"forminator-row\"><div id=\"name-1\" class=\"forminator-field-name forminator-col forminator-col-12 \"><div class=\"forminator-field\"><label for=\"forminator-field-name-1_69efabb71f58e\" id=\"forminator-field-name-1_69efabb71f58e-label\" class=\"forminator-label\">Ime in Priimek <span class=\"forminator-required\">*<\/span><\/label><input type=\"text\" name=\"name-1\" value=\"\" placeholder=\"\" id=\"forminator-field-name-1_69efabb71f58e\" class=\"forminator-input forminator-name--field\" aria-required=\"true\" autocomplete=\"name\" \/><\/div><\/div><\/div><div class=\"forminator-row\"><div id=\"email-1\" class=\"forminator-field-email forminator-col forminator-col-12 \"><div class=\"forminator-field\"><label for=\"forminator-field-email-1_69efabb71f58e\" id=\"forminator-field-email-1_69efabb71f58e-label\" class=\"forminator-label\">Email <span class=\"forminator-required\">*<\/span><\/label><input type=\"email\" name=\"email-1\" value=\"\" placeholder=\"\" id=\"forminator-field-email-1_69efabb71f58e\" class=\"forminator-input forminator-email--field\" data-required=\"true\" aria-required=\"true\" autocomplete=\"email\" \/><\/div><\/div><\/div><div class=\"forminator-row\"><div id=\"phone-1\" class=\"forminator-field-phone forminator-col forminator-col-12 \"><div class=\"forminator-field\"><label for=\"forminator-field-phone-1_69efabb71f58e\" id=\"forminator-field-phone-1_69efabb71f58e-label\" class=\"forminator-label\">Telefon<\/label><input type=\"text\" name=\"phone-1\" value=\"\" placeholder=\"+386 XX XXX XXX\" id=\"forminator-field-phone-1_69efabb71f58e\" class=\"forminator-input forminator-field--phone\" data-required=\"\" aria-required=\"false\" autocomplete=\"off\" aria-describedby=\"forminator-field-phone-1_69efabb71f58e-description\" \/><span id=\"forminator-field-phone-1_69efabb71f58e-description\" class=\"forminator-description\" id=\"forminator-field-phone-1_69efabb71f58e-description\">Telefon<\/span><\/div><\/div><\/div><div class=\"forminator-row\"><div id=\"textarea-1\" class=\"forminator-field-textarea forminator-col forminator-col-12 \"><div class=\"forminator-field\"><label for=\"forminator-field-textarea-1_69efabb71f58e\" id=\"forminator-field-textarea-1_69efabb71f58e-label\" class=\"forminator-label\">Sporo\u010dilo <span class=\"forminator-required\">*<\/span><\/label><textarea name=\"textarea-1\" placeholder=\"Vnesite sporo\u010dilo ...\" id=\"forminator-field-textarea-1_69efabb71f58e\" class=\"forminator-textarea\" rows=\"6\" style=\"min-height:140px;\" maxlength=\"180\" ><\/textarea><span id=\"forminator-field-textarea-1_69efabb71f58e-description\" class=\"forminator-description\"><span data-limit=\"180\" data-type=\"characters\" data-editor=\"\">0 \/ 180<\/span><\/span><\/div><\/div><\/div><input type=\"hidden\" name=\"referer_url\" value=\"\" \/><div class=\"forminator-row forminator-row-last\"><div class=\"forminator-col\"><div class=\"forminator-field\"><button class=\"forminator-button forminator-button-submit\">Po&scaron;lji<\/button><\/div><\/div><\/div><input type=\"hidden\" id=\"forminator_nonce\" name=\"forminator_nonce\" value=\"2a531a72e7\" \/><input type=\"hidden\" name=\"_wp_http_referer\" value=\"\/index.php\/wp-json\/wp\/v2\/pages\/4299\" \/><input type=\"hidden\" name=\"form_id\" value=\"4656\"><input type=\"hidden\" name=\"page_id\" value=\"4299\"><input type=\"hidden\" name=\"form_type\" value=\"default\"><input type=\"hidden\" name=\"current_url\" value=\"https:\/\/lesoblisk.si\/index.php\/kontakt\/\"><input type=\"hidden\" name=\"render_id\" value=\"0\"><input type=\"hidden\" name=\"action\" value=\"forminator_submit_form_custom-forms\"><\/form><\/div>\n\t\t\t\t\t\t<\/div>\n\t\t\t\t<\/div>\n\t\t\t\t<\/div>\n\t\t<div class=\"elementor-element elementor-element-4403c7c e-con-full e-flex e-con e-child\" data-id=\"4403c7c\" data-element_type=\"container\" data-e-type=\"container\">\n\t\t\t\t<div class=\"elementor-element elementor-element-1fee0b2 elementor-widget elementor-widget-craftmax_call_widget\" data-id=\"1fee0b2\" data-element_type=\"widget\" data-e-type=\"widget\" data-widget_type=\"craftmax_call_widget.default\">\n\t\t\t\t<div class=\"elementor-widget-container\">\n\t\t\t\t\t    \r\n        \r\n    <section class=\"contact-style-four craftmax-call-widget p-0 m-0\">\r\n    \t<div class=\"info-inner craftmax-author-box\">\r\n            <div class=\"box-one yt-btn\">\r\n                <h3 class=\"craftmax-author-title\">LesoBlisk d.o.o.<\/h3>\r\n                <p>Kova\u0161ka cesta 60, <br \/>\n2344 Lovrenc na Pohorju<br \/>\n\n<\/p>\r\n                <a class=\"yt-btn-title-v1\" href=\"mailto:info@lesoblisk.si \">info@lesoblisk.si <\/a>\r\n            <\/div>\r\n            <div class=\"box-two yt-btn\">\r\n                <h4 class=\"craftmax-author-title\"><\/h4>\r\n                <a class=\"yt-btn-title-v1\" href=\"tel:\"><\/a>\r\n                <p><\/p>\r\n            <\/div>\r\n        <\/div>\r\n    <\/section>\r\n    \r\n    \t\t\t\t<\/div>\n\t\t\t\t<\/div>\n\t\t\t\t<\/div>\n\t\t\t\t\t<\/div>\n\t\t\t\t<\/div>\n\t\t<div class=\"elementor-element elementor-element-4d10896 e-con-full e-flex e-con e-parent\" data-id=\"4d10896\" data-element_type=\"container\" data-e-type=\"container\">\n\t\t\t\t<div class=\"elementor-element elementor-element-4ed6000 elementor-widget elementor-widget-craftmax_google_map\" data-id=\"4ed6000\" data-element_type=\"widget\" data-e-type=\"widget\" data-settings=\"{&quot;craftmax_layout_margin&quot;:{&quot;unit&quot;:&quot;px&quot;,&quot;top&quot;:&quot;&quot;,&quot;right&quot;:&quot;&quot;,&quot;bottom&quot;:&quot;&quot;,&quot;left&quot;:&quot;&quot;,&quot;isLinked&quot;:true},&quot;craftmax_layout_margin_tablet&quot;:{&quot;unit&quot;:&quot;px&quot;,&quot;top&quot;:&quot;&quot;,&quot;right&quot;:&quot;&quot;,&quot;bottom&quot;:&quot;&quot;,&quot;left&quot;:&quot;&quot;,&quot;isLinked&quot;:true},&quot;craftmax_layout_margin_mobile&quot;:{&quot;unit&quot;:&quot;px&quot;,&quot;top&quot;:&quot;&quot;,&quot;right&quot;:&quot;&quot;,&quot;bottom&quot;:&quot;&quot;,&quot;left&quot;:&quot;&quot;,&quot;isLinked&quot;:true},&quot;craftmax_layout_padding&quot;:{&quot;unit&quot;:&quot;px&quot;,&quot;top&quot;:&quot;&quot;,&quot;right&quot;:&quot;&quot;,&quot;bottom&quot;:&quot;&quot;,&quot;left&quot;:&quot;&quot;,&quot;isLinked&quot;:true},&quot;craftmax_layout_padding_tablet&quot;:{&quot;unit&quot;:&quot;px&quot;,&quot;top&quot;:&quot;&quot;,&quot;right&quot;:&quot;&quot;,&quot;bottom&quot;:&quot;&quot;,&quot;left&quot;:&quot;&quot;,&quot;isLinked&quot;:true},&quot;craftmax_layout_padding_mobile&quot;:{&quot;unit&quot;:&quot;px&quot;,&quot;top&quot;:&quot;&quot;,&quot;right&quot;:&quot;&quot;,&quot;bottom&quot;:&quot;&quot;,&quot;left&quot;:&quot;&quot;,&quot;isLinked&quot;:true}}\" data-widget_type=\"craftmax_google_map.default\">\n\t\t\t\t<div class=\"elementor-widget-container\">\n\t\t\t\t\t    \n    \n        \n    <section class=\"google-map-section bn-google-map\">\n        <iframe src=\"https:\/\/www.google.com\/maps\/embed?pb=!1m18!1m12!1m3!1d2744.301543691129!2d15.398026877400959!3d46.54172146090209!2m3!1f0!2f0!3f0!3m2!1i1024!2i768!4f13.1!3m3!1m2!1s0xa3b85e54e42c401%3A0x2832f1c1ab6c5993!2sLesoBlisk%20d.o.o.!5e0!3m2!1ssl!2ssi!4v1732013669817!5m2!1ssl!2ssi\" width=\"600\" height=\"450\" style=\"border:0;\" allowfullscreen=\"\" loading=\"lazy\" referrerpolicy=\"no-referrer-when-downgrade\"><\/iframe>    <\/section>\n    \n       \n    \t\t\t\t<\/div>\n\t\t\t\t<\/div>\n\t\t\t\t<\/div>\n\t\t<div class=\"elementor-element elementor-element-e406668 e-flex e-con-boxed e-con e-parent\" data-id=\"e406668\" data-element_type=\"container\" data-e-type=\"container\">\n\t\t\t\t\t<div class=\"e-con-inner\">\n\t\t\t\t\t<\/div>\n\t\t\t\t<\/div>\n\t\t\t\t<\/div>\n\t\t","protected":false},"excerpt":{"rendered":"<p>Direktor in komerciala: Bo\u0161tjan Tancer M: +386 41 371 711E: bostjan.tancer@lesoblisk.si Nabava in tehni\u010dna vpra\u0161anja: Jaka Bani\u010d M: +386 31 441 448E: jaka.banic@lesoblisk.si Stopite v stik z nami Po\u0161ljite nam sporo\u010dilo LesoBlisk d.o.o. Kova\u0161ka cesta 60, 2344 Lovrenc na Pohorju info@lesoblisk.si<\/p>\n","protected":false},"author":1,"featured_media":0,"parent":0,"menu_order":0,"comment_status":"closed","ping_status":"closed","template":"tpl-default-elementor.php","meta":{"footnotes":""},"class_list":["post-4299","page","type-page","status-publish","hentry"],"_links":{"self":[{"href":"https:\/\/lesoblisk.si\/index.php\/wp-json\/wp\/v2\/pages\/4299","targetHints":{"allow":["GET"]}}],"collection":[{"href":"https:\/\/lesoblisk.si\/index.php\/wp-json\/wp\/v2\/pages"}],"about":[{"href":"https:\/\/lesoblisk.si\/index.php\/wp-json\/wp\/v2\/types\/page"}],"author":[{"embeddable":true,"href":"https:\/\/lesoblisk.si\/index.php\/wp-json\/wp\/v2\/users\/1"}],"replies":[{"embeddable":true,"href":"https:\/\/lesoblisk.si\/index.php\/wp-json\/wp\/v2\/comments?post=4299"}],"version-history":[{"count":50,"href":"https:\/\/lesoblisk.si\/index.php\/wp-json\/wp\/v2\/pages\/4299\/revisions"}],"predecessor-version":[{"id":4719,"href":"https:\/\/lesoblisk.si\/index.php\/wp-json\/wp\/v2\/pages\/4299\/revisions\/4719"}],"wp:attachment":[{"href":"https:\/\/lesoblisk.si\/index.php\/wp-json\/wp\/v2\/media?parent=4299"}],"curies":[{"name":"wp","href":"https:\/\/api.w.org\/{rel}","templated":true}]}}