{"id":4295,"date":"2023-10-04T06:22:23","date_gmt":"2023-10-04T06:22:23","guid":{"rendered":"https:\/\/wp1.themevibrant.com\/newwp\/craftmax\/?page_id=59"},"modified":"2025-02-21T09:35:49","modified_gmt":"2025-02-21T09:35:49","slug":"odkup-hlodovine","status":"publish","type":"page","link":"https:\/\/lesoblisk.si\/index.php\/odkup-hlodovine\/","title":{"rendered":"Odkup hlodovine"},"content":{"rendered":"\t\t<div data-elementor-type=\"wp-page\" data-elementor-id=\"4295\" class=\"elementor elementor-4295\">\n\t\t\t\t<div class=\"elementor-element elementor-element-04e0bc2 e-flex e-con-boxed e-con e-parent\" data-id=\"04e0bc2\" data-element_type=\"container\" data-e-type=\"container\" data-settings=\"{&quot;background_background&quot;:&quot;classic&quot;}\">\n\t\t\t\t\t<div class=\"e-con-inner\">\n\t\t<div class=\"elementor-element elementor-element-311d124 e-con-full e-flex e-con e-child\" data-id=\"311d124\" data-element_type=\"container\" data-e-type=\"container\">\n\t\t\t\t<div class=\"elementor-element elementor-element-32b057c elementor-widget elementor-widget-craftmax_float_image\" data-id=\"32b057c\" data-element_type=\"widget\" data-e-type=\"widget\" data-settings=\"{&quot;craftmax_layout_margin&quot;:{&quot;unit&quot;:&quot;px&quot;,&quot;top&quot;:&quot;&quot;,&quot;right&quot;:&quot;&quot;,&quot;bottom&quot;:&quot;&quot;,&quot;left&quot;:&quot;&quot;,&quot;isLinked&quot;:true},&quot;craftmax_layout_margin_tablet&quot;:{&quot;unit&quot;:&quot;px&quot;,&quot;top&quot;:&quot;&quot;,&quot;right&quot;:&quot;&quot;,&quot;bottom&quot;:&quot;&quot;,&quot;left&quot;:&quot;&quot;,&quot;isLinked&quot;:true},&quot;craftmax_layout_margin_mobile&quot;:{&quot;unit&quot;:&quot;px&quot;,&quot;top&quot;:&quot;&quot;,&quot;right&quot;:&quot;&quot;,&quot;bottom&quot;:&quot;&quot;,&quot;left&quot;:&quot;&quot;,&quot;isLinked&quot;:true},&quot;craftmax_layout_padding&quot;:{&quot;unit&quot;:&quot;px&quot;,&quot;top&quot;:&quot;&quot;,&quot;right&quot;:&quot;&quot;,&quot;bottom&quot;:&quot;&quot;,&quot;left&quot;:&quot;&quot;,&quot;isLinked&quot;:true},&quot;craftmax_layout_padding_tablet&quot;:{&quot;unit&quot;:&quot;px&quot;,&quot;top&quot;:&quot;&quot;,&quot;right&quot;:&quot;&quot;,&quot;bottom&quot;:&quot;&quot;,&quot;left&quot;:&quot;&quot;,&quot;isLinked&quot;:true},&quot;craftmax_layout_padding_mobile&quot;:{&quot;unit&quot;:&quot;px&quot;,&quot;top&quot;:&quot;&quot;,&quot;right&quot;:&quot;&quot;,&quot;bottom&quot;:&quot;&quot;,&quot;left&quot;:&quot;&quot;,&quot;isLinked&quot;:true}}\" data-widget_type=\"craftmax_float_image.default\">\n\t\t\t\t<div class=\"elementor-widget-container\">\n\t\t\t\t\t    \n    \t\n    <section class=\"chooseus-style-four p-0 m-0\">\n        <div class=\"image_block_four\">\n            <div class=\"image-box\">\n                                <figure class=\"image\"><img decoding=\"async\" src=\"https:\/\/lesoblisk.si\/wp-content\/uploads\/2024\/11\/leseni_proizvodi_slovenska_proizvodnja.png\" alt=\"Awesome Image\"><\/figure>\n                                            <\/div>\n        <\/div>\n    <\/section>\n    \n        \t\t\t\t<\/div>\n\t\t\t\t<\/div>\n\t\t\t\t<\/div>\n\t\t<div class=\"elementor-element elementor-element-2187eb3 e-con-full e-flex e-con e-child\" data-id=\"2187eb3\" data-element_type=\"container\" data-e-type=\"container\">\n\t\t\t\t<div class=\"elementor-element elementor-element-07c7396 elementor-widget elementor-widget-craftmax_hero_title\" data-id=\"07c7396\" data-element_type=\"widget\" data-e-type=\"widget\" data-widget_type=\"craftmax_hero_title.default\">\n\t\t\t\t<div class=\"elementor-widget-container\">\n\t\t\t\t\t    \n        \n    <div class=\"sec-title craftmax-title-wrap\">\n                \t\t<h2 class=\"te-bn-title craftmax-size-default\">Odkup hlodovine<\/h2>        \t\t        <div class=\"te-bn-text\">\n            <p><p>V podjetju LesoBlisk d.o.o. se zavedamo, kako pomembno je sodelovanje z zanesljivimi dobavitelji, zato vam ponujamo prilo\u017enost za dolgoro\u010dno in uspe\u0161no sodelovanje. Prav tako nudimo mo\u017enost prilo\u017enostnega odkupa.<\/p><\/p>\n        <\/div>\n            <\/div>\n        \n        \t\t\t\t<\/div>\n\t\t\t\t<\/div>\n\t\t\t\t<div class=\"elementor-element elementor-element-d507817 elementor-widget elementor-widget-craftmax_hero_title\" data-id=\"d507817\" data-element_type=\"widget\" data-e-type=\"widget\" data-widget_type=\"craftmax_hero_title.default\">\n\t\t\t\t<div class=\"elementor-widget-container\">\n\t\t\t\t\t    \n        \n    <div class=\"sec-title craftmax-title-wrap\">\n        \t\t<span class=\"sub-title te-bn-subtitle\">Lokalno poreklo lesa<\/span>                \t\t        <div class=\"te-bn-text\">\n            <p><p>V podjetju LesoBlisk d.o.o. zagovarjamo uporabo lesa lokalnega (pohorskega) in slovenskega porekla. Verjamemo v trajnostno upravljanje gozdov in podpiramo lokalne dobavitelje, kar prispeva k ohranjanju naravnega okolja in lokalne skupnosti.<\/p><\/p>\n        <\/div>\n            <\/div>\n        \n        \t\t\t\t<\/div>\n\t\t\t\t<\/div>\n\t\t\t\t<\/div>\n\t\t\t\t\t<\/div>\n\t\t\t\t<\/div>\n\t\t<div class=\"elementor-element elementor-element-321cf12 e-flex e-con-boxed e-con e-parent\" data-id=\"321cf12\" data-element_type=\"container\" data-e-type=\"container\">\n\t\t\t\t\t<div class=\"e-con-inner\">\n\t\t<div class=\"elementor-element elementor-element-bb23912 e-con-full e-flex e-con e-child\" data-id=\"bb23912\" data-element_type=\"container\" data-e-type=\"container\">\n\t\t\t\t<div class=\"elementor-element elementor-element-fe78a1f elementor-widget elementor-widget-craftmax_hero_title\" data-id=\"fe78a1f\" data-element_type=\"widget\" data-e-type=\"widget\" data-widget_type=\"craftmax_hero_title.default\">\n\t\t\t\t<div class=\"elementor-widget-container\">\n\t\t\t\t\t    \n        \n    <div class=\"sec-title craftmax-title-wrap\">\n        \t\t<span class=\"sub-title te-bn-subtitle\">Letna kapaciteta odkupa<\/span>                \t\t        <div class=\"te-bn-text\">\n            <p><p>Na\u0161a letna kapaciteta odkupa hlodovine zna\u0161a med 5.000 in 10.000 m\u00b3. S tem zagotavljamo stabilno povpra\u0161evanje in redne odkupi skozi vse leto.<\/p><\/p>\n        <\/div>\n            <\/div>\n        \n        \t\t\t\t<\/div>\n\t\t\t\t<\/div>\n\t\t\t\t<div class=\"elementor-element elementor-element-d685669 elementor-widget elementor-widget-craftmax_hero_title\" data-id=\"d685669\" data-element_type=\"widget\" data-e-type=\"widget\" data-widget_type=\"craftmax_hero_title.default\">\n\t\t\t\t<div class=\"elementor-widget-container\">\n\t\t\t\t\t    \n        \n    <div class=\"sec-title craftmax-title-wrap\">\n        \t\t<span class=\"sub-title te-bn-subtitle\">Vrste hlodovine<\/span>                \t\t        <div class=\"te-bn-text\">\n            <p><p>Primarno odkupujemo hlodovino smreke in jelke, vendar smo odprti tudi za druge vrste dreves, kot so jesen, hrast in druge. Na\u0161a fleksibilnost nam omogo\u010da, da zadovoljimo razli\u010dne potrebe na\u0161ih dobaviteljev.<\/p><\/p>\n        <\/div>\n            <\/div>\n        \n        \t\t\t\t<\/div>\n\t\t\t\t<\/div>\n\t\t\t\t<div class=\"elementor-element elementor-element-76836b0 elementor-widget elementor-widget-craftmax_hero_title\" data-id=\"76836b0\" data-element_type=\"widget\" data-e-type=\"widget\" data-widget_type=\"craftmax_hero_title.default\">\n\t\t\t\t<div class=\"elementor-widget-container\">\n\t\t\t\t\t    \n        \n    <div class=\"sec-title craftmax-title-wrap\">\n        \t\t<span class=\"sub-title te-bn-subtitle\">Kakovost hlodovine<\/span>                \t\t        <div class=\"te-bn-text\">\n            <p><p>Odkupujemo razli\u010dne kakovosti hlodovine, od najlep\u0161e A kvalitete do B in C, kjer je najve\u010dja koli\u010dina, ter tudi D1 in D2. S tem zagotavljamo, da lahko sprejmemo \u0161irok spekter hlodovine, ki ustreza razli\u010dnim standardom in potrebam.<\/p><\/p>\n        <\/div>\n            <\/div>\n        \n        \t\t\t\t<\/div>\n\t\t\t\t<\/div>\n\t\t\t\t<div class=\"elementor-element elementor-element-968f81d elementor-widget elementor-widget-craftmax_hero_title\" data-id=\"968f81d\" data-element_type=\"widget\" data-e-type=\"widget\" data-widget_type=\"craftmax_hero_title.default\">\n\t\t\t\t<div class=\"elementor-widget-container\">\n\t\t\t\t\t    \n        \n    <div class=\"sec-title craftmax-title-wrap\">\n        \t\t<span class=\"sub-title te-bn-subtitle\">Lokacija odkupa<\/span>                \t\t        <div class=\"te-bn-text\">\n            <p><p>Hlodovino odkupujemo na lokaciji na\u0161ega obrata, kjer zagotavljamo hitro in u\u010dinkovito obdelavo ter prevzem lesa.<\/p><\/p>\n        <\/div>\n            <\/div>\n        \n        \t\t\t\t<\/div>\n\t\t\t\t<\/div>\n\t\t\t\t<div class=\"elementor-element elementor-element-b2a56a1 elementor-widget elementor-widget-craftmax_hero_title\" data-id=\"b2a56a1\" data-element_type=\"widget\" data-e-type=\"widget\" data-widget_type=\"craftmax_hero_title.default\">\n\t\t\t\t<div class=\"elementor-widget-container\">\n\t\t\t\t\t    \n        \n    <div class=\"sec-title craftmax-title-wrap\">\n        \t\t<span class=\"sub-title te-bn-subtitle\">Kontaktirajte nas<\/span>                \t\t        <div class=\"te-bn-text\">\n            <p><p>Za ve\u010d informacij o odkupu hlodovine vas vabimo, da nas kontaktirate. Na\u0161a ekipa strokovnjakov vam bo z veseljem pomagala in odgovorila na vsa va\u0161a vpra\u0161anja. Vsi, ki bi \u017eeleli sodelovati z nami, nas lahko kontaktirajo preko telefona ali e-po\u0161te, ali spodnjega obrazca.<\/p><p>\u00a0<\/p><p><strong>Kontaktni podatki:<\/strong><\/p><ul><li><strong>E-po\u0161ta:<\/strong>\u00a0<a href=\"mailto:jaka.banic@lesoblisk.si\">jaka.banic@lesoblisk.si<\/a><\/li><li><strong>Telefon:<\/strong> +386 (0)31 441 448<\/li><\/ul><\/p>\n        <\/div>\n            <\/div>\n        \n        \t\t\t\t<\/div>\n\t\t\t\t<\/div>\n\t\t\t\t<div class=\"elementor-element elementor-element-72a7f48 elementor-widget elementor-widget-craftmax_hero_title\" data-id=\"72a7f48\" data-element_type=\"widget\" data-e-type=\"widget\" data-widget_type=\"craftmax_hero_title.default\">\n\t\t\t\t<div class=\"elementor-widget-container\">\n\t\t\t\t\t    \n        \n    <div class=\"sec-title craftmax-title-wrap\">\n        \t\t<span class=\"sub-title te-bn-subtitle\">PO\u0160LJITE SPORO\u010cILO PREKO SPLETNEGA OBRAZCA<\/span>                \t\t    <\/div>\n        \n        \t\t\t\t<\/div>\n\t\t\t\t<\/div>\n\t\t\t\t<div class=\"elementor-element elementor-element-f1eda27 elementor-widget elementor-widget-shortcode\" data-id=\"f1eda27\" data-element_type=\"widget\" data-e-type=\"widget\" data-widget_type=\"shortcode.default\">\n\t\t\t\t<div class=\"elementor-widget-container\">\n\t\t\t\t\t\t\t<div class=\"elementor-shortcode\"><div class=\"forminator-ui forminator-custom-form forminator-custom-form-4677 forminator-design--default  forminator_ajax\" data-forminator-render=\"0\" data-form=\"forminator-module-4677\" data-uid=\"69efaec1c0e0a\"><br\/><\/div><form\n\t\t\t\tid=\"forminator-module-4677\"\n\t\t\t\tclass=\"forminator-ui forminator-custom-form forminator-custom-form-4677 forminator-design--default  forminator_ajax\"\n\t\t\t\tmethod=\"post\"\n\t\t\t\tdata-forminator-render=\"0\"\n\t\t\t\tdata-form-id=\"4677\"\n\t\t\t\t data-color-option=\"theme\" data-design=\"default\" data-grid=\"open\" style=\"display: none;\"\n\t\t\t\tdata-uid=\"69efaec1c0e0a\"\n\t\t\t><div role=\"alert\" aria-live=\"polite\" class=\"forminator-response-message forminator-error\" aria-hidden=\"true\"><\/div><div class=\"forminator-row\"><div id=\"name-1\" class=\"forminator-field-name forminator-col forminator-col-12 \"><div class=\"forminator-field\"><label for=\"forminator-field-name-1_69efaec1c0e0a\" id=\"forminator-field-name-1_69efaec1c0e0a-label\" class=\"forminator-label\">Ime in Priimek <span class=\"forminator-required\">*<\/span><\/label><input type=\"text\" name=\"name-1\" value=\"\" placeholder=\"\" id=\"forminator-field-name-1_69efaec1c0e0a\" class=\"forminator-input forminator-name--field\" aria-required=\"true\" autocomplete=\"name\" \/><\/div><\/div><\/div><div class=\"forminator-row\"><div id=\"name-2\" class=\"forminator-field-name forminator-col forminator-col-12 \"><div class=\"forminator-field\"><label for=\"forminator-field-name-2_69efaec1c0e0a\" id=\"forminator-field-name-2_69efaec1c0e0a-label\" class=\"forminator-label\">Podjetje<\/label><input type=\"text\" name=\"name-2\" value=\"\" placeholder=\"\" id=\"forminator-field-name-2_69efaec1c0e0a\" class=\"forminator-input forminator-name--field\" aria-required=\"false\" autocomplete=\"name\" \/><\/div><\/div><\/div><div class=\"forminator-row\"><div id=\"email-1\" class=\"forminator-field-email forminator-col forminator-col-12 \"><div class=\"forminator-field\"><label for=\"forminator-field-email-1_69efaec1c0e0a\" id=\"forminator-field-email-1_69efaec1c0e0a-label\" class=\"forminator-label\">Email <span class=\"forminator-required\">*<\/span><\/label><input type=\"email\" name=\"email-1\" value=\"\" placeholder=\"\" id=\"forminator-field-email-1_69efaec1c0e0a\" class=\"forminator-input forminator-email--field\" data-required=\"true\" aria-required=\"true\" autocomplete=\"email\" \/><\/div><\/div><\/div><div class=\"forminator-row\"><div id=\"phone-1\" class=\"forminator-field-phone forminator-col forminator-col-12 \"><div class=\"forminator-field\"><label for=\"forminator-field-phone-1_69efaec1c0e0a\" id=\"forminator-field-phone-1_69efaec1c0e0a-label\" class=\"forminator-label\">Telefon<\/label><input type=\"text\" name=\"phone-1\" value=\"\" placeholder=\"+386 XX XXX XXX\" id=\"forminator-field-phone-1_69efaec1c0e0a\" class=\"forminator-input forminator-field--phone\" data-required=\"\" aria-required=\"false\" autocomplete=\"off\" aria-describedby=\"forminator-field-phone-1_69efaec1c0e0a-description\" \/><span id=\"forminator-field-phone-1_69efaec1c0e0a-description\" class=\"forminator-description\" id=\"forminator-field-phone-1_69efaec1c0e0a-description\">Telefon<\/span><\/div><\/div><\/div><div class=\"forminator-row\"><div id=\"textarea-1\" class=\"forminator-field-textarea forminator-col forminator-col-12 \"><div class=\"forminator-field\"><label for=\"forminator-field-textarea-1_69efaec1c0e0a\" id=\"forminator-field-textarea-1_69efaec1c0e0a-label\" class=\"forminator-label\">Sporo\u010dilo <span class=\"forminator-required\">*<\/span><\/label><textarea name=\"textarea-1\" placeholder=\"Vnesite sporo\u010dilo ...\" id=\"forminator-field-textarea-1_69efaec1c0e0a\" class=\"forminator-textarea\" rows=\"6\" style=\"min-height:140px;\" maxlength=\"180\" ><\/textarea><span id=\"forminator-field-textarea-1_69efaec1c0e0a-description\" class=\"forminator-description\"><span data-limit=\"180\" data-type=\"characters\" data-editor=\"\">0 \/ 180<\/span><\/span><\/div><\/div><\/div><input type=\"hidden\" name=\"referer_url\" value=\"\" \/><div class=\"forminator-row forminator-row-last\"><div class=\"forminator-col\"><div class=\"forminator-field\"><button class=\"forminator-button forminator-button-submit\">Po&scaron;lji<\/button><\/div><\/div><\/div><input type=\"hidden\" id=\"forminator_nonce\" name=\"forminator_nonce\" value=\"c93784ba1c\" \/><input type=\"hidden\" name=\"_wp_http_referer\" value=\"\/index.php\/wp-json\/wp\/v2\/pages\/4295\" \/><input type=\"hidden\" name=\"form_id\" value=\"4677\"><input type=\"hidden\" name=\"page_id\" value=\"4295\"><input type=\"hidden\" name=\"form_type\" value=\"default\"><input type=\"hidden\" name=\"current_url\" value=\"https:\/\/lesoblisk.si\/index.php\/odkup-hlodovine\/\"><input type=\"hidden\" name=\"render_id\" value=\"0\"><input type=\"hidden\" name=\"action\" value=\"forminator_submit_form_custom-forms\"><\/form><\/div>\n\t\t\t\t\t\t<\/div>\n\t\t\t\t<\/div>\n\t\t\t\t<\/div>\n\t\t\t\t\t<\/div>\n\t\t\t\t<\/div>\n\t\t<div class=\"elementor-element elementor-element-9197dd8 e-flex e-con-boxed e-con e-parent\" data-id=\"9197dd8\" data-element_type=\"container\" data-e-type=\"container\">\n\t\t\t\t\t<div class=\"e-con-inner\">\n\t\t\t\t\t<\/div>\n\t\t\t\t<\/div>\n\t\t<div class=\"elementor-element elementor-element-3aca12c e-con-full elementor-hidden-desktop elementor-hidden-tablet elementor-hidden-mobile e-flex e-con e-parent\" data-id=\"3aca12c\" data-element_type=\"container\" data-e-type=\"container\">\n\t\t\t\t<div class=\"elementor-element elementor-element-be51c17 elementor-widget elementor-widget-craftmax_clients\" data-id=\"be51c17\" data-element_type=\"widget\" data-e-type=\"widget\" data-settings=\"{&quot;craftmax_layout_margin&quot;:{&quot;unit&quot;:&quot;px&quot;,&quot;top&quot;:&quot;&quot;,&quot;right&quot;:&quot;&quot;,&quot;bottom&quot;:&quot;&quot;,&quot;left&quot;:&quot;&quot;,&quot;isLinked&quot;:true},&quot;craftmax_layout_margin_tablet&quot;:{&quot;unit&quot;:&quot;px&quot;,&quot;top&quot;:&quot;&quot;,&quot;right&quot;:&quot;&quot;,&quot;bottom&quot;:&quot;&quot;,&quot;left&quot;:&quot;&quot;,&quot;isLinked&quot;:true},&quot;craftmax_layout_margin_mobile&quot;:{&quot;unit&quot;:&quot;px&quot;,&quot;top&quot;:&quot;&quot;,&quot;right&quot;:&quot;&quot;,&quot;bottom&quot;:&quot;&quot;,&quot;left&quot;:&quot;&quot;,&quot;isLinked&quot;:true},&quot;craftmax_layout_padding&quot;:{&quot;unit&quot;:&quot;px&quot;,&quot;top&quot;:&quot;&quot;,&quot;right&quot;:&quot;&quot;,&quot;bottom&quot;:&quot;&quot;,&quot;left&quot;:&quot;&quot;,&quot;isLinked&quot;:true},&quot;craftmax_layout_padding_tablet&quot;:{&quot;unit&quot;:&quot;px&quot;,&quot;top&quot;:&quot;&quot;,&quot;right&quot;:&quot;&quot;,&quot;bottom&quot;:&quot;&quot;,&quot;left&quot;:&quot;&quot;,&quot;isLinked&quot;:true},&quot;craftmax_layout_padding_mobile&quot;:{&quot;unit&quot;:&quot;px&quot;,&quot;top&quot;:&quot;&quot;,&quot;right&quot;:&quot;&quot;,&quot;bottom&quot;:&quot;&quot;,&quot;left&quot;:&quot;&quot;,&quot;isLinked&quot;:true}}\" data-widget_type=\"craftmax_clients.default\">\n\t\t\t\t<div class=\"elementor-widget-container\">\n\t\t\t\t\t    \n        \n    <!-- clients-section -->\n    <section class=\"clients-section centred bn-clients\">\n        <div class=\"outer-container\">\n                        <div class=\"title-text bn-title\"><span>Poslovni partnerji<\/span><\/div>\n                        <div class=\"auto-container\">\n                <ul class=\"clients-logo-list\">\n                                        <!--Start Single Partner Logo Box-->\n                    <li>\n                        <a href=\"#\"><img decoding=\"async\" src=\"https:\/\/lesoblisk.si\/wp-content\/uploads\/2023\/10\/clients-1.png\" alt=\"Awesome Image\"><\/a>\n                    <\/li>\n                                        <!--Start Single Partner Logo Box-->\n                    <li>\n                        <a href=\"#\"><img decoding=\"async\" src=\"https:\/\/lesoblisk.si\/wp-content\/uploads\/2023\/10\/clients-2.png\" alt=\"Awesome Image\"><\/a>\n                    <\/li>\n                                        <!--Start Single Partner Logo Box-->\n                    <li>\n                        <a href=\"#\"><img decoding=\"async\" src=\"https:\/\/lesoblisk.si\/wp-content\/uploads\/2023\/10\/clients-3.png\" alt=\"Awesome Image\"><\/a>\n                    <\/li>\n                                        <!--Start Single Partner Logo Box-->\n                    <li>\n                        <a href=\"#\"><img decoding=\"async\" src=\"https:\/\/lesoblisk.si\/wp-content\/uploads\/2023\/10\/clients-4.png\" alt=\"Awesome Image\"><\/a>\n                    <\/li>\n                                        <!--Start Single Partner Logo Box-->\n                    <li>\n                        <a href=\"#\"><img decoding=\"async\" src=\"https:\/\/lesoblisk.si\/wp-content\/uploads\/2023\/10\/clients-5.png\" alt=\"Awesome Image\"><\/a>\n                    <\/li>\n                                    <\/ul>\n            <\/div>\n        <\/div>\n    <\/section>\n    <!-- clients-section end -->\n    \n      \n\t\t\t\t\t<\/div>\n\t\t\t\t<\/div>\n\t\t\t\t<\/div>\n\t\t\t\t<\/div>\n\t\t","protected":false},"excerpt":{"rendered":"<p>Odkup hlodovine V podjetju LesoBlisk d.o.o. se zavedamo, kako pomembno je sodelovanje z zanesljivimi dobavitelji, zato vam ponujamo prilo\u017enost za dolgoro\u010dno in uspe\u0161no sodelovanje. Prav tako nudimo mo\u017enost prilo\u017enostnega odkupa. Lokalno poreklo lesa V podjetju LesoBlisk d.o.o. zagovarjamo uporabo lesa lokalnega (pohorskega) in slovenskega porekla. Verjamemo v trajnostno upravljanje gozdov in podpiramo lokalne dobavitelje, kar [&hellip;]<\/p>\n","protected":false},"author":1,"featured_media":0,"parent":0,"menu_order":0,"comment_status":"closed","ping_status":"closed","template":"tpl-default-elementor.php","meta":{"footnotes":""},"class_list":["post-4295","page","type-page","status-publish","hentry"],"_links":{"self":[{"href":"https:\/\/lesoblisk.si\/index.php\/wp-json\/wp\/v2\/pages\/4295","targetHints":{"allow":["GET"]}}],"collection":[{"href":"https:\/\/lesoblisk.si\/index.php\/wp-json\/wp\/v2\/pages"}],"about":[{"href":"https:\/\/lesoblisk.si\/index.php\/wp-json\/wp\/v2\/types\/page"}],"author":[{"embeddable":true,"href":"https:\/\/lesoblisk.si\/index.php\/wp-json\/wp\/v2\/users\/1"}],"replies":[{"embeddable":true,"href":"https:\/\/lesoblisk.si\/index.php\/wp-json\/wp\/v2\/comments?post=4295"}],"version-history":[{"count":46,"href":"https:\/\/lesoblisk.si\/index.php\/wp-json\/wp\/v2\/pages\/4295\/revisions"}],"predecessor-version":[{"id":4723,"href":"https:\/\/lesoblisk.si\/index.php\/wp-json\/wp\/v2\/pages\/4295\/revisions\/4723"}],"wp:attachment":[{"href":"https:\/\/lesoblisk.si\/index.php\/wp-json\/wp\/v2\/media?parent=4295"}],"curies":[{"name":"wp","href":"https:\/\/api.w.org\/{rel}","templated":true}]}}