{"id":4292,"date":"2023-10-04T06:18:46","date_gmt":"2023-10-04T06:18:46","guid":{"rendered":"https:\/\/wp1.themevibrant.com\/newwp\/craftmax\/?page_id=44"},"modified":"2025-02-17T09:36:13","modified_gmt":"2025-02-17T09:36:13","slug":"strategija","status":"publish","type":"page","link":"https:\/\/lesoblisk.si\/index.php\/strategija\/","title":{"rendered":"Strategija"},"content":{"rendered":"\t\t<div data-elementor-type=\"wp-page\" data-elementor-id=\"4292\" class=\"elementor elementor-4292\">\n\t\t\t\t<div class=\"elementor-element elementor-element-c736e47 e-flex e-con-boxed e-con e-parent\" data-id=\"c736e47\" data-element_type=\"container\" data-e-type=\"container\" data-settings=\"{&quot;background_background&quot;:&quot;classic&quot;}\">\n\t\t\t\t\t<div class=\"e-con-inner\">\n\t\t<div class=\"elementor-element elementor-element-6f30b6d e-flex e-con-boxed e-con e-child\" data-id=\"6f30b6d\" data-element_type=\"container\" data-e-type=\"container\">\n\t\t\t\t\t<div class=\"e-con-inner\">\n\t\t\t\t<div class=\"elementor-element elementor-element-e27a2e4 elementor-widget elementor-widget-craftmax_hero_title\" data-id=\"e27a2e4\" data-element_type=\"widget\" data-e-type=\"widget\" data-widget_type=\"craftmax_hero_title.default\">\n\t\t\t\t<div class=\"elementor-widget-container\">\n\t\t\t\t\t    \n        \n    <div class=\"sec-title craftmax-title-wrap\">\n        \t\t<span class=\"sub-title te-bn-subtitle\">Strategija podjetja<\/span>                \t\t<h2 class=\"te-bn-title craftmax-size-default\">Pove\u010danje produktivnosti in iskanje tr\u017enih prilo\u017enosti\n<\/h2>        \t\t        <div class=\"te-bn-text\">\n            <p><p>V podjetju <strong>Leso Blisk<\/strong> razvijamo strategijo, ki temelji na dveh klju\u010dnih stebrih na\u0161ega poslovanja: <strong>obratu \u017eage<\/strong> in <strong>obratu delavnice<\/strong>. Ta struktura omogo\u010da u\u010dinkovito in fleksibilno obdelavo lesa ter \u0161irjenje na\u0161e ponudbe na trgu.<\/p><\/p>\n        <\/div>\n            <\/div>\n        \n        \t\t\t\t<\/div>\n\t\t\t\t<\/div>\n\t\t\t\t\t<\/div>\n\t\t\t\t<\/div>\n\t\t<div class=\"elementor-element elementor-element-17986d2 e-flex e-con-boxed e-con e-child\" data-id=\"17986d2\" data-element_type=\"container\" data-e-type=\"container\">\n\t\t\t\t\t<div class=\"e-con-inner\">\n\t\t\t\t<div class=\"elementor-element elementor-element-2ca3f64 elementor-widget elementor-widget-craftmax_service_card\" data-id=\"2ca3f64\" data-element_type=\"widget\" data-e-type=\"widget\" data-settings=\"{&quot;service_box_space&quot;:{&quot;unit&quot;:&quot;px&quot;,&quot;top&quot;:&quot;&quot;,&quot;right&quot;:&quot;&quot;,&quot;bottom&quot;:&quot;&quot;,&quot;left&quot;:&quot;&quot;,&quot;isLinked&quot;:true},&quot;service_box_space_tablet&quot;:{&quot;unit&quot;:&quot;px&quot;,&quot;top&quot;:&quot;&quot;,&quot;right&quot;:&quot;&quot;,&quot;bottom&quot;:&quot;&quot;,&quot;left&quot;:&quot;&quot;,&quot;isLinked&quot;:true},&quot;service_box_space_mobile&quot;:{&quot;unit&quot;:&quot;px&quot;,&quot;top&quot;:&quot;&quot;,&quot;right&quot;:&quot;&quot;,&quot;bottom&quot;:&quot;&quot;,&quot;left&quot;:&quot;&quot;,&quot;isLinked&quot;:true},&quot;service_box_padding&quot;:{&quot;unit&quot;:&quot;px&quot;,&quot;top&quot;:&quot;&quot;,&quot;right&quot;:&quot;&quot;,&quot;bottom&quot;:&quot;&quot;,&quot;left&quot;:&quot;&quot;,&quot;isLinked&quot;:true},&quot;service_box_padding_tablet&quot;:{&quot;unit&quot;:&quot;px&quot;,&quot;top&quot;:&quot;&quot;,&quot;right&quot;:&quot;&quot;,&quot;bottom&quot;:&quot;&quot;,&quot;left&quot;:&quot;&quot;,&quot;isLinked&quot;:true},&quot;service_box_padding_mobile&quot;:{&quot;unit&quot;:&quot;px&quot;,&quot;top&quot;:&quot;&quot;,&quot;right&quot;:&quot;&quot;,&quot;bottom&quot;:&quot;&quot;,&quot;left&quot;:&quot;&quot;,&quot;isLinked&quot;:true}}\" data-widget_type=\"craftmax_service_card.default\">\n\t\t\t\t<div class=\"elementor-widget-container\">\n\t\t\t\t\t    \n        \n    <!-- service-style-nine -->\n    <section class=\"service-style-nine style-two p-0 m-0 bn-service-card\">           \n        <div class=\"inner-box\">\n            <div class=\"row clearfix\">\n                                <div class=\"col-lg-4 col-md-12 col-sm-12 image-column\">\n                    <div class=\"image-box\">\n                        <figure class=\"image clearfix\"><img decoding=\"async\" src=\"https:\/\/lesoblisk.si\/wp-content\/uploads\/2024\/11\/stroji_za_serijsko_proizvodnjo_lesa-e1732091982921.png\" alt=\"Awesome Image\"><\/figure>\n                    <\/div>\n                <\/div>\n                                <div class=\"col-lg-8 col-md-12 col-sm-12 content-side\">\n                    <div class=\"content-column\">\n                        <div class=\"content-box\">\n                                                        <div class=\"icon-box\"><img decoding=\"async\" src=\"https:\/\/lesoblisk.si\/wp-content\/uploads\/2023\/10\/icon-100.png\" alt=\"Awesome Image\"><\/div>\n                                                        <span class=\"bn-service-card-subtitle\">Obrat \u017eage <\/span>\n                            <h2 class=\"bn-service-card-title\">Serijska proizvodnja in avtomatizacija<\/h2>\n                            <p class=\"bold-text bn-service-card-text\">V obratu \u017eage je osnovni koncept razvoja usmerjen v serijsko proizvodnjo grobega lesa. Na\u0161a vizija je zagotoviti \u010dim bolj neprekinjeno delovanje \u017eag, kar pomeni izvajanje proizvodnje v vsaj eni, idealno pa v dveh izmenah. Ta pristop nam omogo\u010da dosego visoke produktivnosti in velike ekonomije obsega, saj je osnovni produkt grobi rezan les, ki ga tr\u017eimo predvsem trgovcem, gradbenikom in krovcem na doma\u010dem trgu in v tujini.\n<\/p>\n                            <p class=\"light-text bn-service-card-text\">Za dosego dolgoro\u010dne rasti podjetja so potrebne investicije v avtomatizacijo proizvodnje. V letu 2025 na\u010drtujemo pomembno nadgradnjo proizvodnih kapacitet, s ciljem obdelati 5 do 10 tiso\u010d m\u00b3 hlodovine na letni ravni. Ta korak bo omogo\u010dil \u0161e ve\u010djo optimizacijo procesov in ve\u010djo konkuren\u010dnost na trgu.<\/p>\n                                                        <ul class=\"list-style-one clearfix bn-service-card-list\">\n                            \t                                <li>Serijska proizvodnja grobega lesa<\/li>\n                            \t                                <li>Visoka ekonomija obsega<\/li>\n                            \t                                <li>Investicije v avtomatizacijo proizvodnje<\/li>\n                            \t                            <\/ul>\n                                                    <\/div>\n                    <\/div>\n                <\/div>\n            <\/div>\n        <\/div>\n    <\/section>\n\t\n    \t\t\n     \t\t\t\t<\/div>\n\t\t\t\t<\/div>\n\t\t\t\t<div class=\"elementor-element elementor-element-f2141f2 elementor-widget elementor-widget-craftmax_service_card\" data-id=\"f2141f2\" data-element_type=\"widget\" data-e-type=\"widget\" data-settings=\"{&quot;service_box_space&quot;:{&quot;unit&quot;:&quot;px&quot;,&quot;top&quot;:&quot;&quot;,&quot;right&quot;:&quot;&quot;,&quot;bottom&quot;:&quot;&quot;,&quot;left&quot;:&quot;&quot;,&quot;isLinked&quot;:true},&quot;service_box_space_tablet&quot;:{&quot;unit&quot;:&quot;px&quot;,&quot;top&quot;:&quot;&quot;,&quot;right&quot;:&quot;&quot;,&quot;bottom&quot;:&quot;&quot;,&quot;left&quot;:&quot;&quot;,&quot;isLinked&quot;:true},&quot;service_box_space_mobile&quot;:{&quot;unit&quot;:&quot;px&quot;,&quot;top&quot;:&quot;&quot;,&quot;right&quot;:&quot;&quot;,&quot;bottom&quot;:&quot;&quot;,&quot;left&quot;:&quot;&quot;,&quot;isLinked&quot;:true},&quot;service_box_padding&quot;:{&quot;unit&quot;:&quot;px&quot;,&quot;top&quot;:&quot;&quot;,&quot;right&quot;:&quot;&quot;,&quot;bottom&quot;:&quot;&quot;,&quot;left&quot;:&quot;&quot;,&quot;isLinked&quot;:true},&quot;service_box_padding_tablet&quot;:{&quot;unit&quot;:&quot;px&quot;,&quot;top&quot;:&quot;&quot;,&quot;right&quot;:&quot;&quot;,&quot;bottom&quot;:&quot;&quot;,&quot;left&quot;:&quot;&quot;,&quot;isLinked&quot;:true},&quot;service_box_padding_mobile&quot;:{&quot;unit&quot;:&quot;px&quot;,&quot;top&quot;:&quot;&quot;,&quot;right&quot;:&quot;&quot;,&quot;bottom&quot;:&quot;&quot;,&quot;left&quot;:&quot;&quot;,&quot;isLinked&quot;:true}}\" data-widget_type=\"craftmax_service_card.default\">\n\t\t\t\t<div class=\"elementor-widget-container\">\n\t\t\t\t\t    \n        \n    <!-- service-style-nine -->\n    <section class=\"service-style-nine p-0 m-0 bn-service-card\">           \n        <div class=\"inner-box\">\n            <div class=\"row clearfix\">\n                <div class=\"col-lg-8 col-md-12 col-sm-12 content-side\">\n                    <div class=\"content-column\">\n                        <div class=\"content-box\">\n                                                        <div class=\"icon-box\"><img decoding=\"async\" src=\"https:\/\/lesoblisk.si\/wp-content\/uploads\/2023\/10\/icon-95.png\" alt=\"Awesome Image\"><\/div>\n                                                        <span class=\"bn-service-card-subtitle\">Obrat delavnice<\/span>\n                            <h2 class=\"bn-service-card-title\">Izdelava kon\u010dnih lesenih produktov<\/h2>\n                            <p class=\"bold-text bn-service-card-text\">Drugi klju\u010dni del na\u0161ega poslovanja je obrat delavnice, kjer se osredoto\u010damo na izdelavo enostavnih lesenih kon\u010dnih izdelkov.<\/p>\n                            <p class=\"light-text bn-service-card-text\">Za dosego ve\u010dje u\u010dinkovitosti in rasti v tem segmentu bomo nadalje razvijali in iskali tr\u017eno ni\u0161o, v kateri bi se lahko diferencirali od konkurence. Oprema, kot so \u0161tiristrani hobelni stroj, formatna \u017eaga in tla\u010dne pi\u0161tole, omogo\u010dajo ve\u010d kot trenutno izkori\u0161\u010damo, zato bomo osredoto\u010deni na iskanje novih prilo\u017enosti za optimizacijo proizvodnje in raz\u0161iritev produktne ponudbe.<\/p>\n                                                        <ul class=\"list-style-one clearfix bn-service-card-list\">\n                            \t                                <li>Podnice<\/li>\n                            \t                                <li>Palete<\/li>\n                            \t                                <li>Zaboji za sadje in krompir<\/li>\n                            \t                                <li>Koluti za elektro kable<\/li>\n                            \t                                <li>Visoke grede<\/li>\n                            \t                            <\/ul>\n                                                    <\/div>\n                    <\/div>\n                <\/div>\n                                <div class=\"col-lg-4 col-md-12 col-sm-12 image-column\">\n                    <div class=\"image-box\">\n                        <figure class=\"image clearfix\"><img decoding=\"async\" src=\"https:\/\/lesoblisk.si\/wp-content\/uploads\/2024\/11\/proizvodnja_lesa_serijska_obdelava-e1732092054441.png\" alt=\"Awesome Image\"><\/figure>\n                    <\/div>\n                <\/div>\n                            <\/div>\n        <\/div>\n    <\/section>\n    \n    \t\t\n     \t\t\t\t<\/div>\n\t\t\t\t<\/div>\n\t\t\t\t\t<\/div>\n\t\t\t\t<\/div>\n\t\t<div class=\"elementor-element elementor-element-c7aed33 e-flex e-con-boxed e-con e-child\" data-id=\"c7aed33\" data-element_type=\"container\" data-e-type=\"container\">\n\t\t\t\t\t<div class=\"e-con-inner\">\n\t\t\t\t<div class=\"elementor-element elementor-element-8de2c0c elementor-widget elementor-widget-craftmax_hero_title\" data-id=\"8de2c0c\" data-element_type=\"widget\" data-e-type=\"widget\" data-widget_type=\"craftmax_hero_title.default\">\n\t\t\t\t<div class=\"elementor-widget-container\">\n\t\t\t\t\t    \n        \n    <div class=\"sec-title craftmax-title-wrap\">\n                \t\t<h2 class=\"te-bn-title craftmax-size-default\">Pogled v prihodnost<\/h2>        \t\t        <div class=\"te-bn-text\">\n            <p><p>Podjetje <strong>Leso Blisk<\/strong> se osredoto\u010da na razvoj in inovacije v obeh segmentih \u2013 \u017eagi in delavnici \u2013 saj verjamemo, da bo natan\u010dno usmerjen razvoj proizvodnih kapacitet in iskanje tr\u017enih prilo\u017enosti klju\u010d do dolgoro\u010dnega uspeha. Z <strong>investicijami v tehnologijo<\/strong> in <strong>optimizacijo procesov<\/strong> \u017eelimo postati \u0161e bolj konkuren\u010dni na trgu ter zagotoviti stabilno rast in trajnostno poslovanje za prihodnost.<\/p><\/p>\n        <\/div>\n            <\/div>\n        \n        \t\t\t\t<\/div>\n\t\t\t\t<\/div>\n\t\t\t\t\t<\/div>\n\t\t\t\t<\/div>\n\t\t\t\t\t<\/div>\n\t\t\t\t<\/div>\n\t\t\t\t<\/div>\n\t\t","protected":false},"excerpt":{"rendered":"<p>Strategija podjetja Pove\u010danje produktivnosti in iskanje tr\u017enih prilo\u017enosti V podjetju Leso Blisk razvijamo strategijo, ki temelji na dveh klju\u010dnih stebrih na\u0161ega poslovanja: obratu \u017eage in obratu delavnice. Ta struktura omogo\u010da u\u010dinkovito in fleksibilno obdelavo lesa ter \u0161irjenje na\u0161e ponudbe na trgu. Obrat \u017eage Serijska proizvodnja in avtomatizacija V obratu \u017eage je osnovni koncept razvoja usmerjen [&hellip;]<\/p>\n","protected":false},"author":1,"featured_media":0,"parent":0,"menu_order":0,"comment_status":"closed","ping_status":"closed","template":"tpl-default-elementor.php","meta":{"footnotes":""},"class_list":["post-4292","page","type-page","status-publish","hentry"],"_links":{"self":[{"href":"https:\/\/lesoblisk.si\/index.php\/wp-json\/wp\/v2\/pages\/4292","targetHints":{"allow":["GET"]}}],"collection":[{"href":"https:\/\/lesoblisk.si\/index.php\/wp-json\/wp\/v2\/pages"}],"about":[{"href":"https:\/\/lesoblisk.si\/index.php\/wp-json\/wp\/v2\/types\/page"}],"author":[{"embeddable":true,"href":"https:\/\/lesoblisk.si\/index.php\/wp-json\/wp\/v2\/users\/1"}],"replies":[{"embeddable":true,"href":"https:\/\/lesoblisk.si\/index.php\/wp-json\/wp\/v2\/comments?post=4292"}],"version-history":[{"count":17,"href":"https:\/\/lesoblisk.si\/index.php\/wp-json\/wp\/v2\/pages\/4292\/revisions"}],"predecessor-version":[{"id":4624,"href":"https:\/\/lesoblisk.si\/index.php\/wp-json\/wp\/v2\/pages\/4292\/revisions\/4624"}],"wp:attachment":[{"href":"https:\/\/lesoblisk.si\/index.php\/wp-json\/wp\/v2\/media?parent=4292"}],"curies":[{"name":"wp","href":"https:\/\/api.w.org\/{rel}","templated":true}]}}